{"id":351,"date":"2025-02-14T08:45:34","date_gmt":"2025-02-14T08:45:34","guid":{"rendered":"https:\/\/andreasbraune.de\/?page_id=351"},"modified":"2025-03-17T09:17:41","modified_gmt":"2025-03-17T09:17:41","slug":"weimarer-verhaeltnisse","status":"publish","type":"page","link":"https:\/\/www.andreasbraune.de\/?page_id=351","title":{"rendered":"Weimarer Verh\u00e4ltnisse"},"content":{"rendered":"\n<div id=\"wp-block-themeisle-blocks-button-group-1447191c\" class=\"wp-block-themeisle-blocks-button-group wp-block-buttons align-center-desktop\">\n<div id=\"wp-block-themeisle-blocks-button-c70c0169\" class=\"wp-block-themeisle-blocks-button wp-block-button\"><a href=\"https:\/\/www.andreasbraune.de\/?page_id=116\" target=\"_self\" rel=\"noopener noreferrer\" class=\"wp-block-button__link\"><span>Alle Blog-Kan\u00e4le<\/span><\/a><\/div>\n\n\n\n<div id=\"wp-block-themeisle-blocks-button-7dc38a64\" class=\"wp-block-themeisle-blocks-button wp-block-button\"><a href=\"https:\/\/www.andreasbraune.de\/?page_id=357\" target=\"_self\" rel=\"noopener noreferrer\" class=\"wp-block-button__link\"><span>Alle Blog-Beitr\u00e4ge<\/span><\/a><\/div>\n<\/div>\n\n\n\n<div id=\"wp-block-themeisle-blocks-button-group-ddd52eb1\" class=\"wp-block-themeisle-blocks-button-group wp-block-buttons align-center-desktop\">\n<div id=\"wp-block-themeisle-blocks-button-c1e07e55\" class=\"wp-block-themeisle-blocks-button wp-block-button\"><a href=\"https:\/\/www.andreasbraune.de\/?page_id=304\" target=\"_self\" rel=\"noopener noreferrer\" class=\"wp-block-button__link\"><span>News<\/span><\/a><\/div>\n\n\n\n<div id=\"wp-block-themeisle-blocks-button-b0758529\" class=\"wp-block-themeisle-blocks-button wp-block-button\"><a href=\"https:\/\/www.andreasbraune.de\/?page_id=269\" target=\"_self\" rel=\"noopener noreferrer\" class=\"wp-block-button__link\"><span>Argumente-Check<\/span><\/a><\/div>\n\n\n\n<div id=\"wp-block-themeisle-blocks-button-774cf67c\" class=\"wp-block-themeisle-blocks-button wp-block-button\"><a href=\"https:\/\/www.andreasbraune.de\/?page_id=359\" target=\"_self\" rel=\"noopener noreferrer\" class=\"wp-block-button__link\"><span>umk\u00e4mpfte Begriffe<\/span><\/a><\/div>\n<\/div>\n\n\n\n<hr class=\"wp-block-separator has-alpha-channel-opacity is-style-wide\"\/>\n\n\n\n<h2 id=\"wp-block-themeisle-blocks-advanced-heading-6bd1df12\" class=\"wp-block-themeisle-blocks-advanced-heading wp-block-themeisle-blocks-advanced-heading-6bd1df12\">Weimarer Verh\u00e4ltnisse?<\/h2>\n\n\n\n<div class=\"wp-block-media-text is-stacked-on-mobile is-image-fill-element\"><figure class=\"wp-block-media-text__media\"><img loading=\"lazy\" decoding=\"async\" width=\"1024\" height=\"768\" src=\"https:\/\/www.andreasbraune.de\/wp-content\/uploads\/2025\/02\/IMG_20250116_185730292_HDR-1024x768.jpg\" alt=\"\" class=\"wp-image-353 size-full\" style=\"object-position:18% 45%\" srcset=\"https:\/\/www.andreasbraune.de\/wp-content\/uploads\/2025\/02\/IMG_20250116_185730292_HDR-1024x768.jpg 1024w, https:\/\/www.andreasbraune.de\/wp-content\/uploads\/2025\/02\/IMG_20250116_185730292_HDR-300x225.jpg 300w, https:\/\/www.andreasbraune.de\/wp-content\/uploads\/2025\/02\/IMG_20250116_185730292_HDR-768x576.jpg 768w, https:\/\/www.andreasbraune.de\/wp-content\/uploads\/2025\/02\/IMG_20250116_185730292_HDR-1536x1152.jpg 1536w, https:\/\/www.andreasbraune.de\/wp-content\/uploads\/2025\/02\/IMG_20250116_185730292_HDR-2048x1536.jpg 2048w\" sizes=\"(max-width: 1024px) 100vw, 1024px\" \/><\/figure><div class=\"wp-block-media-text__content\">\n<p>Kehrt die Zwischenkriegszeit wieder?<\/p>\n\n\n\n<p>Wie gef\u00e4hrdet ist unsere Demokratie wirklich?<\/p>\n\n\n\n<p>&#8222;Lehren aus Weimar&#8220; auf dem Pr\u00fcfstand.<\/p>\n<\/div><\/div>\n\n\n\n<p><\/p>\n\n\n<div class=\"has-light-bg wp-block-themeisle-blocks-posts-grid\" id=\"wp-block-themeisle-blocks-posts-grid-218587de\"><div class=\"is-list\"><div class=\"o-posts-grid-post-blog o-posts-grid-post-plain\"><div class=\"o-posts-grid-post\"><div class=\"o-posts-grid-post-image\"><a href=\"https:\/\/www.andreasbraune.de\/?p=863\"><img loading=\"lazy\" decoding=\"async\" width=\"414\" height=\"246\" src=\"https:\/\/www.andreasbraune.de\/wp-content\/uploads\/2025\/06\/image-e1749999009675.jpg\" class=\"attachment-full size-full\" alt=\"&#8218;Oh, Donna Clara&#8216;: Ein kleines Lehrst\u00fcck \u00fcber Geschichte und Musik, Erinnern und Vergessen\" srcset=\"https:\/\/www.andreasbraune.de\/wp-content\/uploads\/2025\/06\/image-e1749999009675.jpg 414w, https:\/\/www.andreasbraune.de\/wp-content\/uploads\/2025\/06\/image-e1749999009675-300x178.jpg 300w\" sizes=\"(max-width: 414px) 100vw, 414px\" \/><\/a><\/div><div class=\"o-posts-grid-post-body\"><h2 class=\"o-posts-grid-post-title\"><a href=\"https:\/\/www.andreasbraune.de\/?p=863\">&#8218;Oh, Donna Clara&#8216;: Ein kleines Lehrst\u00fcck \u00fcber Geschichte und Musik, Erinnern und Vergessen<\/a><\/h2><div class=\"o-posts-grid-post-description\"><p>Heute mal was ganz anderes. Und zwar eine kleine Musikstunde mit geschichts- und erinnerungsdidaktischem Anstrich. (@Geschichtslehrer*innen: bedient Euch gern!) Denn ich bin heute \u00fcber ein paar spannende Geschichten und Verkn\u00fcpfungen zu einem Lied gestolpert, das mich schon lange begleitet. Bis jetz\u2026<\/p><\/div><\/div><\/div><\/div><div class=\"o-posts-grid-post-blog o-posts-grid-post-plain\"><div class=\"o-posts-grid-post\"><div class=\"o-posts-grid-post-image\"><a href=\"https:\/\/www.andreasbraune.de\/?p=700\"><img loading=\"lazy\" decoding=\"async\" width=\"2240\" height=\"1260\" src=\"https:\/\/www.andreasbraune.de\/wp-content\/uploads\/2025\/03\/Beitrags-Bild-Reichstag.png\" class=\"attachment-full size-full\" alt=\"Mehr Demokratie wagen? Mit dem Wahlrecht der Weimarer Republik!\" srcset=\"https:\/\/www.andreasbraune.de\/wp-content\/uploads\/2025\/03\/Beitrags-Bild-Reichstag.png 2240w, https:\/\/www.andreasbraune.de\/wp-content\/uploads\/2025\/03\/Beitrags-Bild-Reichstag-300x169.png 300w, https:\/\/www.andreasbraune.de\/wp-content\/uploads\/2025\/03\/Beitrags-Bild-Reichstag-1024x576.png 1024w, https:\/\/www.andreasbraune.de\/wp-content\/uploads\/2025\/03\/Beitrags-Bild-Reichstag-768x432.png 768w, https:\/\/www.andreasbraune.de\/wp-content\/uploads\/2025\/03\/Beitrags-Bild-Reichstag-1536x864.png 1536w, https:\/\/www.andreasbraune.de\/wp-content\/uploads\/2025\/03\/Beitrags-Bild-Reichstag-2048x1152.png 2048w\" sizes=\"(max-width: 2240px) 100vw, 2240px\" \/><\/a><\/div><div class=\"o-posts-grid-post-body\"><h2 class=\"o-posts-grid-post-title\"><a href=\"https:\/\/www.andreasbraune.de\/?p=700\">Mehr Demokratie wagen? Mit dem Wahlrecht der Weimarer Republik!<\/a><\/h2><div class=\"o-posts-grid-post-description\"><p>Wenn schon &#8222;Weimarer Verh\u00e4ltnisse&#8220;, dann immerhin auch im Wahlrecht. Was zun\u00e4chst etwas abwegig und gewagt klingt, k\u00f6nnte unserer Demokratie gut tun. Denn das Wahlrecht der Weimarer Republik ist besser als sein Ruf. Was w\u00e4re, wenn wir es wieder einf\u00fchren? Wie repr\u00e4sentativ ist der neue B\u2026<\/p><\/div><\/div><\/div><\/div><\/div> <\/div>\n\n\n<p><\/p>\n","protected":false},"excerpt":{"rendered":"<p>Kehrt die Zwischenkriegszeit wieder? Wie gef\u00e4hrdet ist unsere Demokratie wirklich? &#8222;Lehren aus Weimar&#8220; auf dem Pr\u00fcfstand.<\/p>\n","protected":false},"author":1,"featured_media":0,"parent":116,"menu_order":0,"comment_status":"closed","ping_status":"closed","template":"","meta":{"advanced_seo_description":"","jetpack_seo_html_title":"","jetpack_seo_noindex":false,"_themeisle_gutenberg_block_has_review":false,"footnotes":""},"class_list":["post-351","page","type-page","status-publish","hentry"],"featured_image_src":null,"jetpack_sharing_enabled":true,"_links":{"self":[{"href":"https:\/\/www.andreasbraune.de\/index.php?rest_route=\/wp\/v2\/pages\/351","targetHints":{"allow":["GET"]}}],"collection":[{"href":"https:\/\/www.andreasbraune.de\/index.php?rest_route=\/wp\/v2\/pages"}],"about":[{"href":"https:\/\/www.andreasbraune.de\/index.php?rest_route=\/wp\/v2\/types\/page"}],"author":[{"embeddable":true,"href":"https:\/\/www.andreasbraune.de\/index.php?rest_route=\/wp\/v2\/users\/1"}],"replies":[{"embeddable":true,"href":"https:\/\/www.andreasbraune.de\/index.php?rest_route=%2Fwp%2Fv2%2Fcomments&post=351"}],"version-history":[{"count":6,"href":"https:\/\/www.andreasbraune.de\/index.php?rest_route=\/wp\/v2\/pages\/351\/revisions"}],"predecessor-version":[{"id":809,"href":"https:\/\/www.andreasbraune.de\/index.php?rest_route=\/wp\/v2\/pages\/351\/revisions\/809"}],"up":[{"embeddable":true,"href":"https:\/\/www.andreasbraune.de\/index.php?rest_route=\/wp\/v2\/pages\/116"}],"wp:attachment":[{"href":"https:\/\/www.andreasbraune.de\/index.php?rest_route=%2Fwp%2Fv2%2Fmedia&parent=351"}],"curies":[{"name":"wp","href":"https:\/\/api.w.org\/{rel}","templated":true}]}}