{"id":304,"date":"2025-02-13T18:43:48","date_gmt":"2025-02-13T18:43:48","guid":{"rendered":"https:\/\/andreasbraune.de\/?page_id=304"},"modified":"2025-03-17T21:13:31","modified_gmt":"2025-03-17T21:13:31","slug":"news","status":"publish","type":"page","link":"https:\/\/www.andreasbraune.de\/?page_id=304","title":{"rendered":"News"},"content":{"rendered":"\n<div id=\"wp-block-themeisle-blocks-button-group-1447191c\" class=\"wp-block-themeisle-blocks-button-group wp-block-buttons align-center-desktop\">\n<div id=\"wp-block-themeisle-blocks-button-c70c0169\" class=\"wp-block-themeisle-blocks-button wp-block-button\"><a href=\"https:\/\/www.andreasbraune.de\/?page_id=116\" target=\"_self\" rel=\"noopener noreferrer\" class=\"wp-block-button__link\"><span>Alle Blog-Kan\u00e4le<\/span><\/a><\/div>\n\n\n\n<div id=\"wp-block-themeisle-blocks-button-7dc38a64\" class=\"wp-block-themeisle-blocks-button wp-block-button\"><a target=\"_self\" rel=\"noopener noreferrer\" class=\"wp-block-button__link\"><span>Alle Blog-Beitr\u00e4ge<\/span><\/a><\/div>\n<\/div>\n\n\n\n<div id=\"wp-block-themeisle-blocks-button-group-ddd52eb1\" class=\"wp-block-themeisle-blocks-button-group wp-block-buttons align-center-desktop\">\n<div id=\"wp-block-themeisle-blocks-button-c1e07e55\" class=\"wp-block-themeisle-blocks-button wp-block-button\"><a href=\"https:\/\/www.andreasbraune.de\/?page_id=269\" target=\"_self\" rel=\"noopener noreferrer\" class=\"wp-block-button__link\"><span>Argumente-Check<\/span><\/a><\/div>\n\n\n\n<div id=\"wp-block-themeisle-blocks-button-b0758529\" class=\"wp-block-themeisle-blocks-button wp-block-button\"><a href=\"https:\/\/www.andreasbraune.de\/?page_id=359\" target=\"_self\" rel=\"noopener noreferrer\" class=\"wp-block-button__link\"><span>umk\u00e4mpfte Begriffe<\/span><\/a><\/div>\n\n\n\n<div id=\"wp-block-themeisle-blocks-button-774cf67c\" class=\"wp-block-themeisle-blocks-button wp-block-button\"><a href=\"https:\/\/www.andreasbraune.de\/?page_id=351\" target=\"_self\" rel=\"noopener noreferrer\" class=\"wp-block-button__link\"><span>Weimarer Verh\u00e4ltnisse<\/span><\/a><\/div>\n<\/div>\n\n\n\n<hr class=\"wp-block-separator has-alpha-channel-opacity is-style-wide\"\/>\n\n\n\n<h2 id=\"wp-block-themeisle-blocks-advanced-heading-6bd1df12\" class=\"wp-block-themeisle-blocks-advanced-heading wp-block-themeisle-blocks-advanced-heading-6bd1df12\">News<\/h2>\n\n\n\n<p>Hier gibt es gelegentliche Updates zu meiner Arbeit, vielleicht auch mal ein Blick hinter die Kulissen, Projekte in Planung, dies und das&#8230;<\/p>\n\n\n<div class=\"has-light-bg wp-block-themeisle-blocks-posts-grid\" id=\"wp-block-themeisle-blocks-posts-grid-218587de\"><div class=\"is-list\"><div class=\"o-posts-grid-post-blog o-posts-grid-post-plain\"><div class=\"o-posts-grid-post\"><div class=\"o-posts-grid-post-image\"><a href=\"https:\/\/www.andreasbraune.de\/?p=1003\"><img loading=\"lazy\" decoding=\"async\" width=\"1498\" height=\"838\" src=\"https:\/\/www.andreasbraune.de\/wp-content\/uploads\/2026\/03\/01-Webdossier-Weimarer-Republik.jpg\" class=\"attachment-full size-full\" alt=\"Beitrag in Webdossier online: Th\u00fcringen in der Weimarer Republik\" srcset=\"https:\/\/www.andreasbraune.de\/wp-content\/uploads\/2026\/03\/01-Webdossier-Weimarer-Republik.jpg 1498w, https:\/\/www.andreasbraune.de\/wp-content\/uploads\/2026\/03\/01-Webdossier-Weimarer-Republik-300x168.jpg 300w, https:\/\/www.andreasbraune.de\/wp-content\/uploads\/2026\/03\/01-Webdossier-Weimarer-Republik-1024x573.jpg 1024w, https:\/\/www.andreasbraune.de\/wp-content\/uploads\/2026\/03\/01-Webdossier-Weimarer-Republik-768x430.jpg 768w\" sizes=\"(max-width: 1498px) 100vw, 1498px\" \/><\/a><\/div><div class=\"o-posts-grid-post-body\"><h2 class=\"o-posts-grid-post-title\"><a href=\"https:\/\/www.andreasbraune.de\/?p=1003\">Beitrag in Webdossier online: Th\u00fcringen in der Weimarer Republik<\/a><\/h2><p class=\"o-posts-grid-post-meta\">Posted on <time datetime=\"2026-03-22T18:22:26+00:00\">22. M\u00e4rz 2026<\/time> <\/p><div class=\"o-posts-grid-post-description\"><p>F\u00fcr die neue Website der Th\u00fcringer Landeszentrale f\u00fcr politische Bildung und die dortigen thematischen Dossiers habe ich die Texte f\u00fcr die Zeit der Weimarer Republik verfasst.Es war eine kurze, aber entscheidende Phase der neueren Geschichte Th\u00fcringens: Erstmals \u00fcberhaupt gab es ein Land Th\u00fcringen u\u2026<\/p><\/div><\/div><\/div><\/div><div class=\"o-posts-grid-post-blog o-posts-grid-post-plain\"><div class=\"o-posts-grid-post\"><div class=\"o-posts-grid-post-image\"><a href=\"https:\/\/www.andreasbraune.de\/?p=975\"><img loading=\"lazy\" decoding=\"async\" width=\"1928\" height=\"2560\" src=\"https:\/\/www.andreasbraune.de\/wp-content\/uploads\/2025\/11\/Symbolbild-Programm-scaled.jpg\" class=\"attachment-full size-full\" alt=\"Tagungsmoderation: Unfollow Antisemitismus\" srcset=\"https:\/\/www.andreasbraune.de\/wp-content\/uploads\/2025\/11\/Symbolbild-Programm-scaled.jpg 1928w, https:\/\/www.andreasbraune.de\/wp-content\/uploads\/2025\/11\/Symbolbild-Programm-226x300.jpg 226w, https:\/\/www.andreasbraune.de\/wp-content\/uploads\/2025\/11\/Symbolbild-Programm-771x1024.jpg 771w, https:\/\/www.andreasbraune.de\/wp-content\/uploads\/2025\/11\/Symbolbild-Programm-768x1020.jpg 768w, https:\/\/www.andreasbraune.de\/wp-content\/uploads\/2025\/11\/Symbolbild-Programm-1157x1536.jpg 1157w, https:\/\/www.andreasbraune.de\/wp-content\/uploads\/2025\/11\/Symbolbild-Programm-1542x2048.jpg 1542w\" sizes=\"(max-width: 1928px) 100vw, 1928px\" \/><\/a><\/div><div class=\"o-posts-grid-post-body\"><h2 class=\"o-posts-grid-post-title\"><a href=\"https:\/\/www.andreasbraune.de\/?p=975\">Tagungsmoderation: Unfollow Antisemitismus<\/a><\/h2><p class=\"o-posts-grid-post-meta\">Posted on <time datetime=\"2025-11-18T07:35:22+00:00\">18. November 2025<\/time> <\/p><div class=\"o-posts-grid-post-description\"><p>Am 5. November hatte ich die gro\u00dfe Freude und Aufgabe, durch die wichtige Tagung &#8222;Unfollow Antisemitismus: Perspektiven aus Praxis und Wissenschaft&#8220; im Volkshaus Jena zu f\u00fchren. Es war die Abschlusstagung des gemeinsamen Projekts &#8222;deras_on &#8211; Deradikalisierung Antisemitismus o\u2026<\/p><\/div><\/div><\/div><\/div><div class=\"o-posts-grid-post-blog o-posts-grid-post-plain\"><div class=\"o-posts-grid-post\"><div class=\"o-posts-grid-post-image\"><a href=\"https:\/\/www.andreasbraune.de\/?p=946\"><img loading=\"lazy\" decoding=\"async\" width=\"2560\" height=\"1707\" src=\"https:\/\/www.andreasbraune.de\/wp-content\/uploads\/2025\/09\/18-2H0A7946-scaled.jpg\" class=\"attachment-full size-full\" alt=\"&#8222;Kommunale Verantwortung in bewegten Zeiten&#8220;: Demokratische Resilienz vor Ort st\u00e4rken &#8211; nur wie?\" srcset=\"https:\/\/www.andreasbraune.de\/wp-content\/uploads\/2025\/09\/18-2H0A7946-scaled.jpg 2560w, https:\/\/www.andreasbraune.de\/wp-content\/uploads\/2025\/09\/18-2H0A7946-300x200.jpg 300w, https:\/\/www.andreasbraune.de\/wp-content\/uploads\/2025\/09\/18-2H0A7946-1024x683.jpg 1024w, https:\/\/www.andreasbraune.de\/wp-content\/uploads\/2025\/09\/18-2H0A7946-768x512.jpg 768w, https:\/\/www.andreasbraune.de\/wp-content\/uploads\/2025\/09\/18-2H0A7946-1536x1024.jpg 1536w, https:\/\/www.andreasbraune.de\/wp-content\/uploads\/2025\/09\/18-2H0A7946-2048x1365.jpg 2048w\" sizes=\"(max-width: 2560px) 100vw, 2560px\" \/><\/a><\/div><div class=\"o-posts-grid-post-body\"><h2 class=\"o-posts-grid-post-title\"><a href=\"https:\/\/www.andreasbraune.de\/?p=946\">&#8222;Kommunale Verantwortung in bewegten Zeiten&#8220;: Demokratische Resilienz vor Ort st\u00e4rken &#8211; nur wie?<\/a><\/h2><p class=\"o-posts-grid-post-meta\">Posted on <time datetime=\"2025-09-16T13:28:39+00:00\">16. September 2025<\/time> <\/p><div class=\"o-posts-grid-post-description\"><p>In den letzten Wochen habe ich im Auftrag des B\u00fcros des Oberb\u00fcrgermeisters der Stadt Weimar den Fachtag &#8222;Kommunale Verantwortung in bewegten Zeiten&#8220; organisiert, der am 15.9.2025 im wundersch\u00f6nen Festsaal des Rathauses Weimar stattfand. Das war das Programm. Der Fachtag richtete sich aus\u2026<\/p><\/div><\/div><\/div><\/div><div class=\"o-posts-grid-post-blog o-posts-grid-post-plain\"><div class=\"o-posts-grid-post\"><div class=\"o-posts-grid-post-image\"><a href=\"https:\/\/www.andreasbraune.de\/?p=840\"><img loading=\"lazy\" decoding=\"async\" width=\"2560\" height=\"1707\" src=\"https:\/\/www.andreasbraune.de\/wp-content\/uploads\/2025\/05\/20250607_Romanistik259-scaled.jpg\" class=\"attachment-full size-full\" alt=\"Podiumsdiskussion zur Schicksalswahl in Rum\u00e4nien\" srcset=\"https:\/\/www.andreasbraune.de\/wp-content\/uploads\/2025\/05\/20250607_Romanistik259-scaled.jpg 2560w, https:\/\/www.andreasbraune.de\/wp-content\/uploads\/2025\/05\/20250607_Romanistik259-300x200.jpg 300w, https:\/\/www.andreasbraune.de\/wp-content\/uploads\/2025\/05\/20250607_Romanistik259-1024x683.jpg 1024w, https:\/\/www.andreasbraune.de\/wp-content\/uploads\/2025\/05\/20250607_Romanistik259-768x512.jpg 768w, https:\/\/www.andreasbraune.de\/wp-content\/uploads\/2025\/05\/20250607_Romanistik259-1536x1024.jpg 1536w, https:\/\/www.andreasbraune.de\/wp-content\/uploads\/2025\/05\/20250607_Romanistik259-2048x1365.jpg 2048w\" sizes=\"(max-width: 2560px) 100vw, 2560px\" \/><\/a><\/div><div class=\"o-posts-grid-post-body\"><h2 class=\"o-posts-grid-post-title\"><a href=\"https:\/\/www.andreasbraune.de\/?p=840\">Podiumsdiskussion zur Schicksalswahl in Rum\u00e4nien<\/a><\/h2><p class=\"o-posts-grid-post-meta\">Posted on <time datetime=\"2025-05-16T11:08:16+00:00\">16. Mai 2025<\/time> <\/p><div class=\"o-posts-grid-post-description\"><p>Rum\u00e4nien scheint manchmal weit weg, doch ist die zur Zeit laufende Pr\u00e4sidentschaftswahl wichtiger, als man denken k\u00f6nnte. Zumal es ihr zweiter Anlauf ist, nachdem der erste Wahlgang Ende 2024 wegen massiver Wahlbeeinflussung annulliert worden war. Am 7.5. habe ich in Jena zusammen mit Jun.-Prof. Dr.\u2026<\/p><\/div><\/div><\/div><\/div><div class=\"o-posts-grid-post-blog o-posts-grid-post-plain\"><div class=\"o-posts-grid-post\"><div class=\"o-posts-grid-post-image\"><a href=\"https:\/\/www.andreasbraune.de\/?p=824\"><img loading=\"lazy\" decoding=\"async\" width=\"960\" height=\"640\" src=\"https:\/\/www.andreasbraune.de\/wp-content\/uploads\/2025\/04\/Hands_Off_protest_Minnesota_State_Capitol_April_5_2025-060.jpg\" class=\"attachment-full size-full\" alt=\"Regt sich Widerstand? Non-violent resistance gegen Donald Trump kommt langsam in Bewegung\" srcset=\"https:\/\/www.andreasbraune.de\/wp-content\/uploads\/2025\/04\/Hands_Off_protest_Minnesota_State_Capitol_April_5_2025-060.jpg 960w, https:\/\/www.andreasbraune.de\/wp-content\/uploads\/2025\/04\/Hands_Off_protest_Minnesota_State_Capitol_April_5_2025-060-300x200.jpg 300w, https:\/\/www.andreasbraune.de\/wp-content\/uploads\/2025\/04\/Hands_Off_protest_Minnesota_State_Capitol_April_5_2025-060-768x512.jpg 768w\" sizes=\"(max-width: 960px) 100vw, 960px\" \/><\/a><\/div><div class=\"o-posts-grid-post-body\"><h2 class=\"o-posts-grid-post-title\"><a href=\"https:\/\/www.andreasbraune.de\/?p=824\">Regt sich Widerstand? Non-violent resistance gegen Donald Trump kommt langsam in Bewegung<\/a><\/h2><p class=\"o-posts-grid-post-meta\">Posted on <time datetime=\"2025-04-17T13:50:44+00:00\">17. April 2025<\/time> <\/p><div class=\"o-posts-grid-post-description\"><p>W\u00e4hrend die Demokraten zum Gro\u00dfteil noch in Schockstarre verharren, regt sich in der US-Gesellschaft erster Widerstand. Doch warum geschieht das so z\u00f6gerlich? Trotz der reichen Tradition an zivilem Ungehorsam und Protest in der US-Gesellschaft? Eine Erkundung.<\/p><\/div><\/div><\/div><\/div><div class=\"o-posts-grid-post-blog o-posts-grid-post-plain\"><div class=\"o-posts-grid-post\"><div class=\"o-posts-grid-post-image\"><a href=\"https:\/\/www.andreasbraune.de\/?p=377\"><img loading=\"lazy\" decoding=\"async\" width=\"2560\" height=\"1928\" src=\"https:\/\/www.andreasbraune.de\/wp-content\/uploads\/2025\/03\/IMG_20250228_104936005_HDR-scaled.jpg\" class=\"attachment-full size-full\" alt=\"Geschichtsmesse 2025. Business as usual in erschreckenden Zeiten?\" srcset=\"https:\/\/www.andreasbraune.de\/wp-content\/uploads\/2025\/03\/IMG_20250228_104936005_HDR-scaled.jpg 2560w, https:\/\/www.andreasbraune.de\/wp-content\/uploads\/2025\/03\/IMG_20250228_104936005_HDR-300x226.jpg 300w, https:\/\/www.andreasbraune.de\/wp-content\/uploads\/2025\/03\/IMG_20250228_104936005_HDR-1024x771.jpg 1024w, https:\/\/www.andreasbraune.de\/wp-content\/uploads\/2025\/03\/IMG_20250228_104936005_HDR-768x578.jpg 768w, https:\/\/www.andreasbraune.de\/wp-content\/uploads\/2025\/03\/IMG_20250228_104936005_HDR-1536x1157.jpg 1536w, https:\/\/www.andreasbraune.de\/wp-content\/uploads\/2025\/03\/IMG_20250228_104936005_HDR-2048x1542.jpg 2048w\" sizes=\"(max-width: 2560px) 100vw, 2560px\" \/><\/a><\/div><div class=\"o-posts-grid-post-body\"><h2 class=\"o-posts-grid-post-title\"><a href=\"https:\/\/www.andreasbraune.de\/?p=377\">Geschichtsmesse 2025. Business as usual in erschreckenden Zeiten?<\/a><\/h2><p class=\"o-posts-grid-post-meta\">Posted on <time datetime=\"2025-03-02T07:24:09+00:00\">2. M\u00e4rz 2025<\/time> <\/p><div class=\"o-posts-grid-post-description\"><p>Endlich haben wir es mit dem Weimarer Rendez-vous mit der Geschichte einmal zur Geschichtsmesse der Bundesstiftung Aufarbeitung geschafft. Recht passend: Unser Festival wird dieses Jahr zum 17. Mal stattfinden, und auch die Geschichtsmesse fand zum 17. Mal statt, wie gewohnt im Ringberg Hotel in Suh\u2026<\/p><\/div><\/div><\/div><\/div><\/div> <\/div>\n\n\n<p><\/p>\n\n\n\n<p><\/p>\n","protected":false},"excerpt":{"rendered":"<p>Hier gibt es gelegentliche Updates zu meiner Arbeit, vielleicht auch mal ein Blick hinter die Kulissen, Projekte in Planung, dies und das&#8230;<\/p>\n","protected":false},"author":1,"featured_media":0,"parent":116,"menu_order":0,"comment_status":"closed","ping_status":"closed","template":"","meta":{"advanced_seo_description":"","jetpack_seo_html_title":"","jetpack_seo_noindex":false,"_themeisle_gutenberg_block_has_review":false,"footnotes":""},"class_list":["post-304","page","type-page","status-publish","hentry"],"featured_image_src":null,"jetpack_sharing_enabled":true,"_links":{"self":[{"href":"https:\/\/www.andreasbraune.de\/index.php?rest_route=\/wp\/v2\/pages\/304","targetHints":{"allow":["GET"]}}],"collection":[{"href":"https:\/\/www.andreasbraune.de\/index.php?rest_route=\/wp\/v2\/pages"}],"about":[{"href":"https:\/\/www.andreasbraune.de\/index.php?rest_route=\/wp\/v2\/types\/page"}],"author":[{"embeddable":true,"href":"https:\/\/www.andreasbraune.de\/index.php?rest_route=\/wp\/v2\/users\/1"}],"replies":[{"embeddable":true,"href":"https:\/\/www.andreasbraune.de\/index.php?rest_route=%2Fwp%2Fv2%2Fcomments&post=304"}],"version-history":[{"count":6,"href":"https:\/\/www.andreasbraune.de\/index.php?rest_route=\/wp\/v2\/pages\/304\/revisions"}],"predecessor-version":[{"id":821,"href":"https:\/\/www.andreasbraune.de\/index.php?rest_route=\/wp\/v2\/pages\/304\/revisions\/821"}],"up":[{"embeddable":true,"href":"https:\/\/www.andreasbraune.de\/index.php?rest_route=\/wp\/v2\/pages\/116"}],"wp:attachment":[{"href":"https:\/\/www.andreasbraune.de\/index.php?rest_route=%2Fwp%2Fv2%2Fmedia&parent=304"}],"curies":[{"name":"wp","href":"https:\/\/api.w.org\/{rel}","templated":true}]}}