{"id":125,"date":"2025-01-28T07:29:50","date_gmt":"2025-01-28T07:29:50","guid":{"rendered":"https:\/\/andreasbraune.de\/?page_id=125"},"modified":"2025-11-18T07:37:59","modified_gmt":"2025-11-18T07:37:59","slug":"impressum","status":"publish","type":"page","link":"https:\/\/www.andreasbraune.de\/?page_id=125","title":{"rendered":"Impressum"},"content":{"rendered":"\n<h2 class=\"wp-block-heading\">Impressum<\/h2>\n\n\n\n<p>Anbieter:<br>Dr. Andreas Braune<br>Wenigenjenaer Ufer 20<br>07749 Jena<\/p>\n\n\n\n<p>Kontakt:<br>Telefon: 0176\/44797042<br>E-Mail: info@andreasbraune.de<br>Website: www.andreasbraune.de<\/p>\n\n\n\n<p>Bei redaktionellen Inhalten:<\/p>\n\n\n\n<p>Verantwortlich nach \u00a7 55 Abs.2 RStV und V.i.S.d.P.:<br>Dr. Andreas Braune<\/p>\n\n\n\n<h2 class=\"wp-block-heading\">Bildnachweise<\/h2>\n\n\n\n<div id=\"wp-block-themeisle-blocks-accordion-f1912d85\" class=\"wp-block-themeisle-blocks-accordion exclusive no-gap has-light-title-bg\">\n<details class=\"wp-block-themeisle-blocks-accordion-item\"><summary class=\"wp-block-themeisle-blocks-accordion-item__title\"><div>Fotografie Startseite<\/div><\/summary><div class=\"wp-block-themeisle-blocks-accordion-item__content\">\n<p class=\"has-tiny-font-size\" style=\"margin-top:0;margin-right:0;margin-bottom:0;margin-left:0;padding-top:0;padding-bottom:0\">privat, Fotograf: <a href=\"https:\/\/www.steffenwalther-photographics.de\/\" target=\"_blank\" rel=\"noreferrer noopener\">Steffen Walter<\/a><\/p>\n<\/div><\/details>\n\n\n\n<details class=\"wp-block-themeisle-blocks-accordion-item\"><summary class=\"wp-block-themeisle-blocks-accordion-item__title\"><div>Unterseite &#8222;Lebenslauf&#8220;: Dauerausstellung Haus der Weimarer Republik<\/div><\/summary><div class=\"wp-block-themeisle-blocks-accordion-item__content\">\n<p class=\"has-tiny-font-size\" style=\"margin-top:0;margin-right:0;margin-bottom:0;margin-left:0;padding-top:0;padding-right:0;padding-bottom:0;padding-left:0\">Quelle: <a href=\"https:\/\/commons.wikimedia.org\/wiki\/File:2019-07-30_Haus-Weimarer_Republik_MG_9141.jpg\" target=\"_blank\" rel=\"noreferrer noopener\">Wikimedia Commons<\/a>; Fotograf: Olaf Kosinsky, www.kosinsky.eu; verwendet nach <a href=\"https:\/\/creativecommons.org\/licenses\/by-sa\/3.0\/\">CC BY-SA 3.0-de<\/a>,<\/p>\n<\/div><\/details>\n\n\n\n<details class=\"wp-block-themeisle-blocks-accordion-item\"><summary class=\"wp-block-themeisle-blocks-accordion-item__title\"><div>Blog-Beitrag &#8222;20% verschenkt? Wie die 5%-H\u00fcrde dem Repr\u00e4sentationsprinzip schadet und die AfD st\u00e4rkt.&#8220;<\/div><\/summary><div class=\"wp-block-themeisle-blocks-accordion-item__content\">\n<p class=\"has-tiny-font-size\" style=\"margin-top:0;margin-right:0;margin-bottom:0;margin-left:0;padding-top:0;padding-right:0;padding-bottom:0;padding-left:0\">Quelle: <a href=\"https:\/\/commons.wikimedia.org\/wiki\/File:Muybridge,_Eadweard_-_Daisy_%C3%BCberspringt_eine_H%C3%BCrde_(2)_(Zeno_Fotografie).jpg\" target=\"_blank\" rel=\"noreferrer noopener\">Wikimedia Commons<\/a>, zeno.org, Muybridge, Eadweard: Daisy \u00fcberspringt eine H\u00fcrde, verwendet nach: <a href=\"http:\/\/www.fsf.org\/licensing\/licenses\/fdl.html\">GNU Free Documentation License<\/a><\/p>\n<\/div><\/details>\n\n\n\n<details class=\"wp-block-themeisle-blocks-accordion-item\"><summary class=\"wp-block-themeisle-blocks-accordion-item__title\"><div>Unterseiten &#8222;Projekte&#8220; und &#8222;Grunds\u00e4tzliches&#8220;: Baustelle<\/div><\/summary><div class=\"wp-block-themeisle-blocks-accordion-item__content\">\n<p class=\"has-tiny-font-size\" style=\"margin-top:0;margin-right:0;margin-bottom:0;margin-left:0;padding-top:0;padding-right:0;padding-bottom:0;padding-left:0\">Quelle: <a href=\"https:\/\/commons.wikimedia.org\/wiki\/File:Fotothek_df_hauptkatalog_0041714_Dresden-Neustadt._Essende_Arbeiter_auf_einer_Baustelle_zwischen_Blockhaus_und_alter_Augustusbr%C3%BCcke.jpg\" target=\"_blank\" rel=\"noreferrer noopener\">Wikimedia Commons<\/a> \/ Deutsche Fotothek, &#8222;Dresden-Neustadt. Essende Arbeiter auf einer Baustelle zwischen Blockhaus und alter Augustusbr\u00fccke&#8220;, ca. 1900, Fotograf: Ermenegildo Antonio Donadini, verwendet nach: <a href=\"https:\/\/creativecommons.org\/publicdomain\/zero\/1.0\/deed.en\">CC0 1.0 Universal Public Domain Dedication<\/a>.<\/p>\n<\/div><\/details>\n\n\n\n<details class=\"wp-block-themeisle-blocks-accordion-item\"><summary class=\"wp-block-themeisle-blocks-accordion-item__title\"><div>Unterseite &#8222;meine Themen&#8220;: &#8222;Weimarer Verh\u00e4ltnisse&#8220;?<\/div><\/summary><div class=\"wp-block-themeisle-blocks-accordion-item__content\">\n<p class=\"has-tiny-font-size\" style=\"margin-top:0;margin-right:0;margin-bottom:0;margin-left:0;padding-top:0;padding-right:0;padding-bottom:0;padding-left:0\">Quelle: <a href=\"https:\/\/commons.wikimedia.org\/wiki\/File:Bundesarchiv_Bild_102-08216,_Berlin,_Reichsbanner_vor_dem_Brandenburger_Tor.jpg\" target=\"_blank\" rel=\"noreferrer noopener\">Wikimedia Commons<\/a> \/ Bundesarchiv, Bild 102-08216, &#8222;Die grosse Verfassungsfeier am 11. August in Berlin!<br>Vorbeimarsch des Reichsbanners durch das Brandenburger Tor am Ehrenmal f\u00fcr die gefallenen Toten des Weltkrieges.&#8220;<\/p>\n\n\n\n<p class=\"has-tiny-font-size\" style=\"margin-top:0;margin-right:0;margin-bottom:0;margin-left:0;padding-top:0;padding-right:0;padding-bottom:0;padding-left:0\">1929, Fotograf: Georg Pahl, verwendet nach <a href=\"https:\/\/creativecommons.org\/licenses\/by-sa\/3.0\/\">CC BY-SA 3.0-de<\/a>.<\/p>\n<\/div><\/details>\n\n\n\n<details class=\"wp-block-themeisle-blocks-accordion-item\"><summary class=\"wp-block-themeisle-blocks-accordion-item__title\"><div>Unterseite &#8222;meine Themen&#8220;: Ziviler Ungehorsam<\/div><\/summary><div class=\"wp-block-themeisle-blocks-accordion-item__content\">\n<p class=\"has-tiny-font-size\" style=\"margin-top:0;margin-right:0;margin-bottom:0;margin-left:0;padding-top:0;padding-right:0;padding-bottom:0;padding-left:0\">Quelle: <a href=\"https:\/\/commons.wikimedia.org\/wiki\/File:Der_Aufstand_der_Letzten_Generation_blockiert_Stra%C3%9Fe_am_Hauptbahnhof_(51848563018)_(cropped).jpg\" target=\"_blank\" rel=\"noreferrer noopener\">Wikimedia Commons<\/a> \/ Stefan M\u00fcller, &#8222;Der Aufstand der Letzten Generation blockiert Stra\u00dfe am Hauptbahnhof, Berlin, 28.01.22&#8220;, verwendet nach <a href=\"https:\/\/creativecommons.org\/licenses\/by-sa\/3.0\/\"><\/a><a href=\"https:\/\/en.wikipedia.org\/wiki\/en:Creative_Commons\">Creative Commons<\/a> <a href=\"https:\/\/creativecommons.org\/licenses\/by\/2.0\/deed.en\">Attribution 2.0 Generic<\/a>.<\/p>\n<\/div><\/details>\n\n\n\n<details class=\"wp-block-themeisle-blocks-accordion-item\"><summary class=\"wp-block-themeisle-blocks-accordion-item__title\"><div>Unterseite &#8222;meine Themen&#8220;: Demokratische Erinnerungskultur<\/div><\/summary><div class=\"wp-block-themeisle-blocks-accordion-item__content\">\n<p class=\"has-tiny-font-size\" style=\"margin-top:0;margin-right:0;margin-bottom:0;margin-left:0;padding-top:0;padding-right:0;padding-bottom:0;padding-left:0\">Quelle: <a href=\"https:\/\/commons.wikimedia.org\/wiki\/File:Walther-Rathenau-Stra%C3%9Fe,_2,_Gro%C3%9F-Gerau,_Landkreis_Gro%C3%9F-Gerau.jpg\" target=\"_blank\" rel=\"noreferrer noopener\">Wikimedia Commons<\/a> \/ <a href=\"https:\/\/commons.wikimedia.org\/w\/index.php?title=User:GeorgDerReisende&amp;action=edit&amp;redlink=1\">GeorgDerReisende<\/a>: &#8222;ein Stra\u00dfenschild f\u00fcr die Walther-Rathenau-Stra\u00dfe in Gro\u00df-Gerau&#8220;, 2023, verwendet nach: <a href=\"https:\/\/en.wikipedia.org\/wiki\/en:Creative_Commons\">Creative Commons<\/a> <a href=\"https:\/\/creativecommons.org\/licenses\/by-sa\/4.0\/deed.en\">Attribution-Share Alike 4.0 International<\/a> license<\/p>\n<\/div><\/details>\n\n\n\n<details class=\"wp-block-themeisle-blocks-accordion-item\"><summary class=\"wp-block-themeisle-blocks-accordion-item__title\"><div>Unterseite &#8222;meine Themen&#8220;: Neue Wege in der politischen Bildung<\/div><\/summary><div class=\"wp-block-themeisle-blocks-accordion-item__content\">\n<p class=\"has-tiny-font-size\" style=\"margin-top:0;margin-right:0;margin-bottom:0;margin-left:0;padding-top:0;padding-right:0;padding-bottom:0;padding-left:0\">Quelle: <a href=\"https:\/\/commons.wikimedia.org\/wiki\/File:Buergerrat_Demokratie_Abstimmung.jpg\" target=\"_blank\" rel=\"noreferrer noopener\">Wikimedia Commons<\/a> \/ B\u00fcrgerrat Demokratie, &#8222;Abstimmung beim B\u00fcrgerrat Demokratie&#8220;, 2019.<\/p>\n<\/div><\/details>\n\n\n\n<details class=\"wp-block-themeisle-blocks-accordion-item\"><summary class=\"wp-block-themeisle-blocks-accordion-item__title\"><div>Unterseite &#8222;meine Themen&#8220;: Grundlagen der liberalen Demokratie<\/div><\/summary><div class=\"wp-block-themeisle-blocks-accordion-item__content\">\n<p class=\"has-tiny-font-size\" style=\"margin-top:0;margin-right:0;margin-bottom:0;margin-left:0;padding-top:0;padding-right:0;padding-bottom:0;padding-left:0\">Quelle: <a href=\"https:\/\/commons.wikimedia.org\/wiki\/File:View_from_the_Reichstag_building_2015_08.jpg\" target=\"_blank\" rel=\"noreferrer noopener\">Wikimedia Commons<\/a> \/ &#8222;German Flag as seen from Reichstag dome\u200e in May 2015&#8220;, Fortograf: <a href=\"https:\/\/commons.wikimedia.org\/wiki\/User:Perituss\">Perituss<\/a>, verwendet nach <a href=\"https:\/\/en.wikipedia.org\/wiki\/en:Creative_Commons\">Creative Commons<\/a> <a href=\"https:\/\/creativecommons.org\/publicdomain\/zero\/1.0\/deed.en\">CC0 1.0 Universal Public Domain Dedication<\/a>.<\/p>\n<\/div><\/details>\n\n\n\n<details class=\"wp-block-themeisle-blocks-accordion-item\"><summary class=\"wp-block-themeisle-blocks-accordion-item__title\"><div>Unterseite &#8222;Ausstellungen&#8220;: Gewalt gegen Weimar<\/div><\/summary><div class=\"wp-block-themeisle-blocks-accordion-item__content\">\n<p class=\"has-tiny-font-size\" style=\"margin-top:0;margin-right:0;margin-bottom:0;margin-left:0;padding-top:0;padding-right:0;padding-bottom:0;padding-left:0\">Quelle: Stiftung Topographie des Terrors.<\/p>\n<\/div><\/details>\n\n\n\n<details class=\"wp-block-themeisle-blocks-accordion-item\"><summary class=\"wp-block-themeisle-blocks-accordion-item__title\"><div>Unterseite &#8222;Ausstellungen&#8220;: Dauerausstellung Haus der Weimarer Republik<\/div><\/summary><div class=\"wp-block-themeisle-blocks-accordion-item__content\">\n<p class=\"has-tiny-font-size\" style=\"margin-top:0;margin-right:0;margin-bottom:0;margin-left:0;padding-top:0;padding-right:0;padding-bottom:0;padding-left:0\">Quelle: <a href=\"https:\/\/commons.wikimedia.org\/wiki\/File:2019-07-30_Haus-Weimarer_Republik_MG_9141.jpg\" target=\"_blank\" rel=\"noreferrer noopener\">Wikimedia Commons<\/a>; Fotograf: Olaf Kosinsky, www.kosinsky.eu; verwendet nach <a href=\"https:\/\/creativecommons.org\/licenses\/by-sa\/3.0\/\">CC BY-SA 3.0-de<\/a>,<\/p>\n<\/div><\/details>\n\n\n\n<details class=\"wp-block-themeisle-blocks-accordion-item\"><summary class=\"wp-block-themeisle-blocks-accordion-item__title\"><div>Unterseite &#8222;Schreiben&#8220;: Burschenschaftsdenkmal Jena<\/div><\/summary><div class=\"wp-block-themeisle-blocks-accordion-item__content\">\n<p class=\"has-tiny-font-size\" style=\"margin-top:0;margin-right:0;margin-bottom:0;margin-left:0;padding-top:0;padding-right:0;padding-bottom:0;padding-left:0\">Quelle: <a href=\"https:\/\/commons.wikimedia.org\/wiki\/File:Burschenschaftsdenkmal_Jena_Einhausung.JPG\" target=\"_blank\" rel=\"noreferrer noopener\">Wikimedia Commons<\/a>; Fotograf: <a href=\"https:\/\/commons.wikimedia.org\/w\/index.php?title=User:Wikswat&amp;action=edit&amp;redlink=1\">Wikswat<\/a>, verwendet nach <a href=\"https:\/\/creativecommons.org\/licenses\/by-sa\/3.0\/\"><\/a><a href=\"https:\/\/en.wikipedia.org\/wiki\/en:Creative_Commons\">Creative Commons<\/a> <a href=\"https:\/\/creativecommons.org\/licenses\/by\/3.0\/deed.en\">Attribution 3.0 Unported<\/a><\/p>\n<\/div><\/details>\n\n\n\n<details class=\"wp-block-themeisle-blocks-accordion-item\"><summary class=\"wp-block-themeisle-blocks-accordion-item__title\"><div>Blogbeitrag: &#8222;Mehr Demokratie wagen? Mit dem Wahlrecht der Weimarer Republik!&#8220;: Beitrags-Bild Reichstag<\/div><\/summary><div class=\"wp-block-themeisle-blocks-accordion-item__content\">\n<p class=\"has-tiny-font-size\" style=\"margin-top:0;margin-right:0;margin-bottom:0;margin-left:0;padding-top:0;padding-right:0;padding-bottom:0;padding-left:0\">Quelle: <a href=\"https:\/\/commons.wikimedia.org\/wiki\/File:Bundesarchiv_Bild_146-1998-010-14,_Berlin,_Reichstag.jpg\" target=\"_blank\" rel=\"noreferrer noopener\">Wikimedia Commons<\/a>; Fotograf: Klinke &amp; Co., Bundesarchiv, Bild 146-1998-010-14, verwendet nach CC-BY-SA 3.0, <a href=\"https:\/\/en.wikipedia.org\/wiki\/en:Creative_Commons\">Creative Commons<\/a> <a href=\"https:\/\/creativecommons.org\/licenses\/by-sa\/3.0\/de\/deed.en\">Attribution-Share Alike 3.0 Germany<\/a>.<\/p>\n<\/div><\/details>\n\n\n\n<details class=\"wp-block-themeisle-blocks-accordion-item\"><summary class=\"wp-block-themeisle-blocks-accordion-item__title\"><div>Blogbeitrag: &#8222;Regt sich Widerstand? Non-violent resistance gegen Donald Trump kommt langsam in Bewegung&#8220;: Beitrags-Bild: Hands Off! protest, Minnesota State Capitol, April 5, 2025.<\/div><\/summary><div class=\"wp-block-themeisle-blocks-accordion-item__content\">\n<p class=\"has-tiny-font-size\" style=\"margin-top:0;margin-right:0;margin-bottom:0;margin-left:0;padding-top:0;padding-right:0;padding-bottom:0;padding-left:0\">Quelle: <a href=\"https:\/\/commons.wikimedia.org\/wiki\/File:Hands_Off!_protest,_Minnesota_State_Capitol,_April_5,_2025-060.jpg\" target=\"_blank\" rel=\"noreferrer noopener\">Wikimedia Commons<\/a>; Fotograf: <a href=\"https:\/\/commons.wikimedia.org\/wiki\/User:Myotus\">Myotus<\/a>, verwendet nach <a href=\"https:\/\/en.wikipedia.org\/wiki\/en:Creative_Commons\">Creative Commons<\/a> <a href=\"https:\/\/creativecommons.org\/licenses\/by-sa\/4.0\/deed.en\">Attribution-Share Alike 4.0 International<\/a><\/p>\n<\/div><\/details>\n\n\n\n<details class=\"wp-block-themeisle-blocks-accordion-item\"><summary class=\"wp-block-themeisle-blocks-accordion-item__title\"><div>Blogbeitrag: &#8222;\u201aOh, Donna Clara\u2018: Ein Lehrst\u00fcck \u00fcber Geschichte und Musik, Erinnern und Vergessen&#8220;: Beitrags-Bild: Werbe-Anzeige &#8222;Oh, Donna Clara&#8220;, Wien 1930.<\/div><\/summary><div class=\"wp-block-themeisle-blocks-accordion-item__content\">\n<p class=\"has-tiny-font-size\" style=\"margin-top:0;margin-right:0;margin-bottom:0;margin-left:0;padding-top:0;padding-right:0;padding-bottom:0;padding-left:0\">Quelle: <a href=\"https:\/\/www.notenmuseum.de\/sammlung-u-musik-bis-ca-1960\/top-schlager-deutsch\/oh-donna-clara\/.\"> https:\/\/www.notenmuseum.de\/sammlung-u-musik-bis-ca-1960\/top-schlager-deutsch\/oh-donna-clara\/<\/a> (Zugriff am 15.6.2025)<\/p>\n<\/div><\/details>\n\n\n\n<details class=\"wp-block-themeisle-blocks-accordion-item\"><summary class=\"wp-block-themeisle-blocks-accordion-item__title\"><div>Blogbeitrag: &#8222;\u201aOh, Donna Clara\u2018: Ein Lehrst\u00fcck \u00fcber Geschichte und Musik, Erinnern und Vergessen&#8220;, Gedenkblatt von 1923 aus Anlass des 50. Schlagers L\u00f6hner-Bedas im Boh\u00eame Verlag.<\/div><\/summary><div class=\"wp-block-themeisle-blocks-accordion-item__content\">\n<p class=\"has-tiny-font-size\" style=\"margin-top:0;margin-right:0;margin-bottom:0;margin-left:0;padding-top:0;padding-right:0;padding-bottom:0;padding-left:0\">Quelle: Wikimedia <a href=\"https:\/\/commons.wikimedia.org\/wiki\/File:L%C3%B6hner-Beda_Wiener-Boheme-Verlag.jpg\" target=\"_blank\" rel=\"noreferrer noopener\">Commons<\/a>; ohne Grafikerangabe. <\/p>\n<\/div><\/details>\n\n\n\n<details class=\"wp-block-themeisle-blocks-accordion-item\"><summary class=\"wp-block-themeisle-blocks-accordion-item__title\"><div>Blogbeitrag: &#8222;\u201aOh, Donna Clara\u2018: Ein Lehrst\u00fcck \u00fcber Geschichte und Musik, Erinnern und Vergessen&#8220;, Die drei Schwimmerinnen des SC Hakoah Wien, Fritzi L\u00f6wy, Hedy Bienenfeld und Idy Kohn (1927).<\/div><\/summary><div class=\"wp-block-themeisle-blocks-accordion-item__content\">\n<p class=\"has-tiny-font-size\" style=\"margin-top:0;margin-right:0;margin-bottom:0;margin-left:0;padding-top:0;padding-right:0;padding-bottom:0;padding-left:0\">Quelle: <a href=\"https:\/\/commons.wikimedia.org\/wiki\/File:Drie_Weensche_waternymphen,_1927.jpg\">Wikimedia Commons<\/a>; &#8222;Drie Weensche waternymphen&#8220;, Fotograph unbekannt, Wien 1927, This digital media file originates from <a href=\"https:\/\/www.delpher.nl\">Delpher<\/a>, a website of the <a href=\"https:\/\/www.kb.nl\/\">Koninklijke Bibliotheek<\/a>, national library of the Netherlands. <\/p>\n<\/div><\/details>\n\n\n\n<details class=\"wp-block-themeisle-blocks-accordion-item\"><summary class=\"wp-block-themeisle-blocks-accordion-item__title\"><div>Blogbeitrag: &#8222;\u201aOh, Donna Clara\u2018: Ein Lehrst\u00fcck \u00fcber Geschichte und Musik, Erinnern und Vergessen&#8220;, Stolpersteine f\u00fcr Fritz L\u00f6hner-Beda, seine Familie und weitere Ermordete in der Langen Gasse 46, im 8. Bezirk Wiens.<\/div><\/summary><div class=\"wp-block-themeisle-blocks-accordion-item__content\">\n<p class=\"has-tiny-font-size\" style=\"margin-top:0;margin-right:0;margin-bottom:0;margin-left:0;padding-top:0;padding-right:0;padding-bottom:0;padding-left:0\">Quelle: <a href=\"https:\/\/commons.wikimedia.org\/wiki\/File:Stolperstein_Fritz_L%C3%B6hner-Breda.jpg\" target=\"_blank\" rel=\"noreferrer noopener\">Wikimedia Commons<\/a>; &#8222;Steine der Erinnerung, Fritz L\u00f6hner-Breda, Lange Gasse 46, 8. Bezirk Wien&#8220;, bereitgestellt durch <a href=\"https:\/\/commons.wikimedia.org\/wiki\/User:Schokifaktor\">Schokifaktor<\/a>, verwendet nach <a href=\"https:\/\/en.wikipedia.org\/wiki\/en:Creative_Commons\">Creative Commons<\/a> <a href=\"https:\/\/creativecommons.org\/licenses\/by-sa\/4.0\/deed.en\">Attribution-Share Alike 4.0 International<\/a>.<\/p>\n<\/div><\/details>\n\n\n\n<details class=\"wp-block-themeisle-blocks-accordion-item\"><summary class=\"wp-block-themeisle-blocks-accordion-item__title\"><div>Blogbeitrag: &#8222;\u201eKommunale Verantwortung in bewegten Zeiten\u201c: Demokratische Resilienz vor Ort st\u00e4rken \u2013 nur wie?&#8220; &#8211; Begr\u00fc\u00dfung durch den Weimarer Oberb\u00fcrgermeister Peter Kleine<\/div><\/summary><div class=\"wp-block-themeisle-blocks-accordion-item__content\">\n<p class=\"has-tiny-font-size\" style=\"margin-top:0;margin-right:0;margin-bottom:0;margin-left:0;padding-top:0;padding-right:0;padding-bottom:0;padding-left:0\">\u00a9 Stadt Weimar<\/p>\n<\/div><\/details>\n\n\n\n<details class=\"wp-block-themeisle-blocks-accordion-item\"><summary class=\"wp-block-themeisle-blocks-accordion-item__title\"><div>Blogbeitrag: &#8222;Tagungsmoderation: Unfollow Antisemitismus&#8220; <\/div><\/summary><div class=\"wp-block-themeisle-blocks-accordion-item__content\">\n<p class=\"has-tiny-font-size\" style=\"margin-top:0;margin-right:0;margin-bottom:0;margin-left:0;padding-top:0;padding-right:0;padding-bottom:0;padding-left:0\">alle Fotos: \u00a9 Drudel 11 e.V.<\/p>\n<\/div><\/details>\n<\/div>\n\n\n\n<p><\/p>\n","protected":false},"excerpt":{"rendered":"<p>Impressum Anbieter:Dr. Andreas BrauneWenigenjenaer Ufer 2007749 Jena Kontakt:Telefon: 0176\/44797042E-Mail: info@andreasbraune.deWebsite: www.andreasbraune.de Bei redaktionellen Inhalten: Verantwortlich nach \u00a7 55 Abs.2 RStV und V.i.S.d.P.:Dr. Andreas Braune Bildnachweise<\/p>\n","protected":false},"author":1,"featured_media":0,"parent":0,"menu_order":0,"comment_status":"closed","ping_status":"closed","template":"","meta":{"advanced_seo_description":"","jetpack_seo_html_title":"","jetpack_seo_noindex":false,"_themeisle_gutenberg_block_has_review":false,"footnotes":""},"class_list":["post-125","page","type-page","status-publish","hentry"],"featured_image_src":null,"jetpack_sharing_enabled":true,"_links":{"self":[{"href":"https:\/\/www.andreasbraune.de\/index.php?rest_route=\/wp\/v2\/pages\/125","targetHints":{"allow":["GET"]}}],"collection":[{"href":"https:\/\/www.andreasbraune.de\/index.php?rest_route=\/wp\/v2\/pages"}],"about":[{"href":"https:\/\/www.andreasbraune.de\/index.php?rest_route=\/wp\/v2\/types\/page"}],"author":[{"embeddable":true,"href":"https:\/\/www.andreasbraune.de\/index.php?rest_route=\/wp\/v2\/users\/1"}],"replies":[{"embeddable":true,"href":"https:\/\/www.andreasbraune.de\/index.php?rest_route=%2Fwp%2Fv2%2Fcomments&post=125"}],"version-history":[{"count":29,"href":"https:\/\/www.andreasbraune.de\/index.php?rest_route=\/wp\/v2\/pages\/125\/revisions"}],"predecessor-version":[{"id":987,"href":"https:\/\/www.andreasbraune.de\/index.php?rest_route=\/wp\/v2\/pages\/125\/revisions\/987"}],"wp:attachment":[{"href":"https:\/\/www.andreasbraune.de\/index.php?rest_route=%2Fwp%2Fv2%2Fmedia&parent=125"}],"curies":[{"name":"wp","href":"https:\/\/api.w.org\/{rel}","templated":true}]}}